{"id":129,"date":"2024-11-08T14:18:38","date_gmt":"2024-11-08T13:18:38","guid":{"rendered":"https:\/\/fjordimport.com\/?post_type=product&#038;p=129"},"modified":"2024-11-13T15:43:40","modified_gmt":"2024-11-13T14:43:40","slug":"filet-de-saumon-keta-du-pacifique","status":"publish","type":"product","link":"https:\/\/fjordimport.com\/?product=filet-de-saumon-keta-du-pacifique","title":{"rendered":"FILET DE SAUMON KETA DU PACIFIQUE"},"content":{"rendered":"<ul>\n<li><strong>Saumon sauvage keta\u00a0du pacifique sans ou avec peau congel\u00e9<\/strong><\/li>\n<li>oncorhynchus keta.<\/li>\n<li>p\u00e9ch\u00e9s aux filets tournants et souleves en oc\u00e9an pacifique zone fao 67.<\/li>\n<li>origine usa\/chine<\/li>\n<li><u><u><em>Disponible en entier VDK (4\/6, 6\/9),\u00a0filet sans peau ou avec peau, portion,\u00a0darne, queues, bloc de chair, bloc de filet&#8230;\u00a0<\/em><\/u><\/u><div data-test='contact-form' id='contact-form-129' class='wp-block-jetpack-contact-form-container '>\n<form action='https:\/\/fjordimport.com\/?product=filet-de-saumon-keta-du-pacifique#contact-form-129' method='post' class='contact-form commentsblock' aria-label=\"FILET DE SAUMON KETA DU PACIFIQUE\" novalidate>\n\n<div style=\"\" class='grunion-field-name-wrap grunion-field-wrap'  >\n<label\n\t\t\t\tfor='g129-nom'\n\t\t\t\tclass='grunion-field-label name'>Nom<span class=\"grunion-label-required\" aria-hidden=\"true\">(obligatoire)<\/span><\/label>\n<input\n\t\t\t\t\ttype='text'\n\t\t\t\t\tname='g129-nom'\n\t\t\t\t\tid='g129-nom'\n\t\t\t\t\tvalue=''\n\t\t\t\t\tclass='name  grunion-field' \n\t\t\t\t\trequired aria-required='true' \/>\n\t<\/div>\n\n<div style=\"\" class='grunion-field-email-wrap grunion-field-wrap'  >\n<label\n\t\t\t\tfor='g129-email'\n\t\t\t\tclass='grunion-field-label email'>E-mail<span class=\"grunion-label-required\" aria-hidden=\"true\">(obligatoire)<\/span><\/label>\n<input\n\t\t\t\t\ttype='email'\n\t\t\t\t\tname='g129-email'\n\t\t\t\t\tid='g129-email'\n\t\t\t\t\tvalue=''\n\t\t\t\t\tclass='email  grunion-field' \n\t\t\t\t\trequired aria-required='true' \/>\n\t<\/div>\n\n<div style=\"\" class='grunion-field-textarea-wrap grunion-field-wrap'  >\n<label\n\t\t\t\tfor='contact-form-comment-g129-message'\n\t\t\t\tclass='grunion-field-label textarea'>Message<span class=\"grunion-label-required\" aria-hidden=\"true\">(obligatoire)<\/span><\/label>\n<textarea\n\t\t                style=''\n\t\t                name='g129-message'\n\t\t                id='contact-form-comment-g129-message'\n\t\t                rows='20' class='textarea  grunion-field'  required aria-required='true'><\/textarea>\n\t<\/div>\n\t<p class='contact-submit'>\n\t\t<button type='submit' class='pushbutton-wide'>Envoyer<\/button>\t\t<input type='hidden' name='contact-form-id' value='129' \/>\n\t\t<input type='hidden' name='action' value='grunion-contact-form' \/>\n\t\t<input type='hidden' name='contact-form-hash' value='08f97a9f39eb50d02fa1e64a5bbf3daac1cc81cb' \/>\n\t<\/p>\n<\/form>\n<\/div><\/li>\n<\/ul>\n","protected":false},"excerpt":{"rendered":"<p>Saumon sauvage keta\u00a0du pacifique sans ou avec peau congel\u00e9 oncorhynchus keta. p\u00e9ch\u00e9s aux filets tournants et souleves en oc\u00e9an pacifique zone fao 67. origine usa\/chine Disponible en entier VDK (4\/6, 6\/9),\u00a0filet sans peau ou avec peau, portion,\u00a0darne, queues, bloc de chair, bloc de filet&#8230;\u00a0<\/p>\n","protected":false},"featured_media":243,"comment_status":"open","ping_status":"closed","template":"","meta":[],"product_brand":[],"product_cat":[20],"product_tag":[],"class_list":{"0":"post-129","1":"product","2":"type-product","3":"status-publish","4":"has-post-thumbnail","6":"product_cat-saumon-sauvage","8":"first","9":"instock","10":"virtual","11":"product-type-simple"},"jetpack_sharing_enabled":true,"jetpack_likes_enabled":true,"_links":{"self":[{"href":"https:\/\/fjordimport.com\/index.php?rest_route=\/wp\/v2\/product\/129","targetHints":{"allow":["GET"]}}],"collection":[{"href":"https:\/\/fjordimport.com\/index.php?rest_route=\/wp\/v2\/product"}],"about":[{"href":"https:\/\/fjordimport.com\/index.php?rest_route=\/wp\/v2\/types\/product"}],"replies":[{"embeddable":true,"href":"https:\/\/fjordimport.com\/index.php?rest_route=%2Fwp%2Fv2%2Fcomments&post=129"}],"wp:featuredmedia":[{"embeddable":true,"href":"https:\/\/fjordimport.com\/index.php?rest_route=\/wp\/v2\/media\/243"}],"wp:attachment":[{"href":"https:\/\/fjordimport.com\/index.php?rest_route=%2Fwp%2Fv2%2Fmedia&parent=129"}],"wp:term":[{"taxonomy":"product_brand","embeddable":true,"href":"https:\/\/fjordimport.com\/index.php?rest_route=%2Fwp%2Fv2%2Fproduct_brand&post=129"},{"taxonomy":"product_cat","embeddable":true,"href":"https:\/\/fjordimport.com\/index.php?rest_route=%2Fwp%2Fv2%2Fproduct_cat&post=129"},{"taxonomy":"product_tag","embeddable":true,"href":"https:\/\/fjordimport.com\/index.php?rest_route=%2Fwp%2Fv2%2Fproduct_tag&post=129"}],"curies":[{"name":"wp","href":"https:\/\/api.w.org\/{rel}","templated":true}]}}